{"id":6277,"date":"2024-09-06T12:43:58","date_gmt":"2024-09-06T12:43:58","guid":{"rendered":"https:\/\/hailmanagement-generali.it\/?page_id=6277"},"modified":"2026-02-16T10:57:34","modified_gmt":"2026-02-16T10:57:34","slug":"home","status":"publish","type":"page","link":"https:\/\/hailmanagement-generali.it\/","title":{"rendered":"HOMEPAGE HAILMANAGEMENT"},"content":{"rendered":"\t\t<div data-elementor-type=\"wp-page\" data-elementor-id=\"6277\" class=\"elementor elementor-6277\">\n\t\t\t\t<div class=\"elementor-element elementor-element-098b13c e-flex e-con-boxed e-con e-parent\" data-id=\"098b13c\" data-element_type=\"container\" data-e-type=\"container\" data-settings=\"{&quot;background_background&quot;:&quot;classic&quot;,&quot;animation&quot;:&quot;none&quot;}\">\n\t\t\t\t\t<div class=\"e-con-inner\">\n\t\t<div class=\"elementor-element elementor-element-a01b0ca e-grid e-con-full e-con e-child\" data-id=\"a01b0ca\" data-element_type=\"container\" data-e-type=\"container\" data-settings=\"{&quot;background_background&quot;:&quot;classic&quot;}\">\n\t\t\t\t<div class=\"elementor-element elementor-element-2b2121c elementor-widget elementor-widget-image\" data-id=\"2b2121c\" data-element_type=\"widget\" data-e-type=\"widget\" data-widget_type=\"image.default\">\n\t\t\t\t<div class=\"elementor-widget-container\">\n\t\t\t\t\t\t\t\t\t\t\t\t\t\t\t<img fetchpriority=\"high\" decoding=\"async\" width=\"3100\" height=\"600\" src=\"https:\/\/hailmanagement-generali.it\/wp-content\/uploads\/2024\/05\/Generali_logo-b.png\" class=\"attachment-full size-full wp-image-6269\" alt=\"\" srcset=\"https:\/\/hailmanagement-generali.it\/wp-content\/uploads\/2024\/05\/Generali_logo-b.png 3100w, https:\/\/hailmanagement-generali.it\/wp-content\/uploads\/2024\/05\/Generali_logo-b-300x58.png 300w, https:\/\/hailmanagement-generali.it\/wp-content\/uploads\/2024\/05\/Generali_logo-b-1024x198.png 1024w, https:\/\/hailmanagement-generali.it\/wp-content\/uploads\/2024\/05\/Generali_logo-b-768x149.png 768w, https:\/\/hailmanagement-generali.it\/wp-content\/uploads\/2024\/05\/Generali_logo-b-1536x297.png 1536w, https:\/\/hailmanagement-generali.it\/wp-content\/uploads\/2024\/05\/Generali_logo-b-2048x396.png 2048w\" sizes=\"(max-width: 3100px) 100vw, 3100px\" \/>\t\t\t\t\t\t\t\t\t\t\t\t\t\t\t<\/div>\n\t\t\t\t<\/div>\n\t\t\t\t<div class=\"elementor-element elementor-element-9ca549f elementor-align-right elementor-widget elementor-widget-button\" data-id=\"9ca549f\" data-element_type=\"widget\" data-e-type=\"widget\" data-widget_type=\"button.default\">\n\t\t\t\t<div class=\"elementor-widget-container\">\n\t\t\t\t\t\t\t\t\t<div class=\"elementor-button-wrapper\">\n\t\t\t\t\t<a class=\"elementor-button elementor-button-link elementor-size-sm\" href=\"http:\/\/dashboard-prod.hailmanagement-generali.it\">\n\t\t\t\t\t\t<span class=\"elementor-button-content-wrapper\">\n\t\t\t\t\t\t\t\t\t<span class=\"elementor-button-text\">accedi come perito<\/span>\n\t\t\t\t\t<\/span>\n\t\t\t\t\t<\/a>\n\t\t\t\t<\/div>\n\t\t\t\t\t\t\t\t<\/div>\n\t\t\t\t<\/div>\n\t\t\t\t<\/div>\n\t\t<div class=\"elementor-element elementor-element-6828cdd e-grid e-con-full e-con e-child\" data-id=\"6828cdd\" data-element_type=\"container\" data-e-type=\"container\" data-settings=\"{&quot;background_background&quot;:&quot;classic&quot;}\">\n\t\t\t\t<div class=\"elementor-element elementor-element-3206150 elementor-invisible elementor-widget elementor-widget-text-editor\" data-id=\"3206150\" data-element_type=\"widget\" data-e-type=\"widget\" data-settings=\"{&quot;_animation&quot;:&quot;fadeIn&quot;}\" data-widget_type=\"text-editor.default\">\n\t\t\t\t<div class=\"elementor-widget-container\">\n\t\t\t\t\t\t\t\t\t<h1 class=\"column-bg-overlay\">Un Assistente Virtuale<\/h1><div class=\"wpb_wrapper\"><div id=\"fws_66dad56d6a555\" class=\"wpb_row vc_row-fluid vc_row inner_row  vc_row-o-equal-height vc_row-flex  vc_row-o-content-middle standard_section    \" data-midnight=\"\" data-column-margin=\"default\" data-bg-mobile-hidden=\"\"><div class=\"col span_12  left\"><div class=\"vc_col-sm-6 vc_col-lg-6 vc_col-md-6 vc_col-xs-12 wpb_column column_container vc_column_container col has-animation no-extra-padding instance-1 no-left-margin animated-in\" data-t-w-inherits=\"default\" data-shadow=\"none\" data-border-radius=\"none\" data-border-animation=\"\" data-border-animation-delay=\"\" data-border-width=\"none\" data-border-style=\"solid\" data-border-color=\"\" data-bg-cover=\"\" data-padding-pos=\"all\" data-has-bg-color=\"false\" data-bg-color=\"\" data-bg-opacity=\"1\" data-hover-bg=\"\" data-hover-bg-opacity=\"1\" data-animation=\"fade-in\" data-delay=\"0\"><div class=\"vc_column-inner\"><div class=\"wpb_wrapper\"><div class=\"nectar-split-heading animated-in\"><div class=\"heading-line\"><div><h2>Sempre Con Te<\/h2><\/div><\/div><\/div><\/div><\/div><\/div><\/div><\/div><\/div><p>Cattolica Assicurazioni \u00e8 la prima compagnia assicurativa in Italia a dotarsi di HailManagement: uno strumento digitale per supportare le attivit\u00e0 dei suoi periti avversit\u00e0 atmosferiche \u2013 rischi agricoli.<\/p>\t\t\t\t\t\t\t\t<\/div>\n\t\t\t\t<\/div>\n\t\t\t\t<div class=\"elementor-element elementor-element-dc20197 animated-fast elementor-invisible elementor-widget elementor-widget-image\" data-id=\"dc20197\" data-element_type=\"widget\" data-e-type=\"widget\" data-settings=\"{&quot;_animation&quot;:&quot;fadeIn&quot;}\" data-widget_type=\"image.default\">\n\t\t\t\t<div class=\"elementor-widget-container\">\n\t\t\t\t\t\t\t\t\t\t\t\t\t\t\t\t<a href=\"https:\/\/play.google.com\/store\/apps\/details?id=com.plusadvance.hailmanagement.cattolica\">\n\t\t\t\t\t\t\t<img decoding=\"async\" width=\"270\" height=\"80\" src=\"https:\/\/hailmanagement-generali.it\/wp-content\/uploads\/2019\/05\/logo-google-play.png\" class=\"attachment-large size-large wp-image-6240\" alt=\"\" \/>\t\t\t\t\t\t\t\t<\/a>\n\t\t\t\t\t\t\t\t\t\t\t\t\t\t\t<\/div>\n\t\t\t\t<\/div>\n\t\t\t\t<div class=\"elementor-element elementor-element-de6ffcd animated-fast elementor-invisible elementor-widget elementor-widget-image\" data-id=\"de6ffcd\" data-element_type=\"widget\" data-e-type=\"widget\" data-settings=\"{&quot;_animation&quot;:&quot;fadeIn&quot;}\" data-widget_type=\"image.default\">\n\t\t\t\t<div class=\"elementor-widget-container\">\n\t\t\t\t\t\t\t\t\t\t\t\t\t\t\t\t<a href=\"https:\/\/apps.apple.com\/it\/app\/hailmanagement-generali\/id1463983534\">\n\t\t\t\t\t\t\t<img decoding=\"async\" width=\"270\" height=\"80\" src=\"https:\/\/hailmanagement-generali.it\/wp-content\/uploads\/2019\/05\/app-store-logo.png\" class=\"attachment-large size-large wp-image-6233\" alt=\"\" \/>\t\t\t\t\t\t\t\t<\/a>\n\t\t\t\t\t\t\t\t\t\t\t\t\t\t\t<\/div>\n\t\t\t\t<\/div>\n\t\t\t\t<\/div>\n\t\t<div class=\"elementor-element elementor-element-8cf4408 e-grid e-con-full e-con e-child\" data-id=\"8cf4408\" data-element_type=\"container\" data-e-type=\"container\" data-settings=\"{&quot;background_background&quot;:&quot;classic&quot;}\">\n\t\t\t\t<div class=\"elementor-element elementor-element-0c59f7b animated-slow elementor-invisible elementor-widget elementor-widget-text-editor\" data-id=\"0c59f7b\" data-element_type=\"widget\" data-e-type=\"widget\" data-settings=\"{&quot;_animation&quot;:&quot;fadeIn&quot;,&quot;_animation_delay&quot;:500}\" data-widget_type=\"text-editor.default\">\n\t\t\t\t<div class=\"elementor-widget-container\">\n\t\t\t\t\t\t\t\t\t<div class=\"wpb_text_column wpb_content_element wpb_animate_when_almost_visible wpb_fadeInUp fadeInUp vc_custom_1558505118404 animated wpb_start_animation\"><div class=\"wpb_wrapper\"><h5>CALCOLI<\/h5><\/div><\/div><p class=\"vc_custom_heading wpb_animate_when_almost_visible wpb_fadeInUp fadeInUp vc_custom_1558505185963 animated wpb_start_animation\">HailManagement ti supporta nei calcoli del danno per tantissime colture.<\/p>\t\t\t\t\t\t\t\t<\/div>\n\t\t\t\t<\/div>\n\t\t\t\t<div class=\"elementor-element elementor-element-276a6ba animated-slow elementor-invisible elementor-widget elementor-widget-text-editor\" data-id=\"276a6ba\" data-element_type=\"widget\" data-e-type=\"widget\" data-settings=\"{&quot;_animation&quot;:&quot;fadeIn&quot;,&quot;_animation_delay&quot;:600}\" data-widget_type=\"text-editor.default\">\n\t\t\t\t<div class=\"elementor-widget-container\">\n\t\t\t\t\t\t\t\t\t<div class=\"wpb_text_column wpb_content_element wpb_animate_when_almost_visible wpb_fadeInUp fadeInUp vc_custom_1558505118404 animated wpb_start_animation\"><div class=\"wpb_wrapper\"><div class=\"wpb_text_column wpb_content_element wpb_animate_when_almost_visible wpb_fadeInUp fadeInUp vc_custom_1558505124097 animated wpb_start_animation\"><div class=\"wpb_wrapper\"><h5>REPORT<\/h5><\/div><\/div><p class=\"vc_custom_heading wpb_animate_when_almost_visible wpb_fadeInUp fadeInUp vc_custom_1558505227922 animated wpb_start_animation\">Il sistema ti prepara una scheda PDF della perizia pronta per essere stampata.<\/p><\/div><\/div>\t\t\t\t\t\t\t\t<\/div>\n\t\t\t\t<\/div>\n\t\t\t\t<div class=\"elementor-element elementor-element-0b4d829 animated-slow elementor-invisible elementor-widget elementor-widget-text-editor\" data-id=\"0b4d829\" data-element_type=\"widget\" data-e-type=\"widget\" data-settings=\"{&quot;_animation&quot;:&quot;fadeIn&quot;,&quot;_animation_delay&quot;:800}\" data-widget_type=\"text-editor.default\">\n\t\t\t\t<div class=\"elementor-widget-container\">\n\t\t\t\t\t\t\t\t\t<div class=\"wpb_text_column wpb_content_element wpb_animate_when_almost_visible wpb_fadeInUp fadeInUp vc_custom_1558505118404 animated wpb_start_animation\"><div class=\"wpb_wrapper\"><div class=\"wpb_text_column wpb_content_element wpb_animate_when_almost_visible wpb_fadeInUp fadeInUp vc_custom_1558505130467 animated wpb_start_animation\"><div class=\"wpb_wrapper\"><h5>ARCHIVIAZIONE<\/h5><\/div><\/div><p class=\"vc_custom_heading wpb_animate_when_almost_visible wpb_fadeInUp fadeInUp vc_custom_1558505261093 animated wpb_start_animation\">Tutte le perizie rimangono archiviate nella tua area riservata dove potrai gestirle.<\/p><\/div><\/div>\t\t\t\t\t\t\t\t<\/div>\n\t\t\t\t<\/div>\n\t\t\t\t<div class=\"elementor-element elementor-element-355f17b animated-slow elementor-invisible elementor-widget elementor-widget-text-editor\" data-id=\"355f17b\" data-element_type=\"widget\" data-e-type=\"widget\" data-settings=\"{&quot;_animation&quot;:&quot;fadeIn&quot;,&quot;_animation_delay&quot;:900}\" data-widget_type=\"text-editor.default\">\n\t\t\t\t<div class=\"elementor-widget-container\">\n\t\t\t\t\t\t\t\t\t<div class=\"wpb_text_column wpb_content_element wpb_animate_when_almost_visible wpb_fadeInUp fadeInUp vc_custom_1558505118404 animated wpb_start_animation\"><div class=\"wpb_wrapper\"><div class=\"wpb_text_column wpb_content_element wpb_animate_when_almost_visible wpb_fadeInUp fadeInUp vc_custom_1558505290770 animated wpb_start_animation\"><div class=\"wpb_wrapper\"><h5>APP SMARTPHONE<\/h5><\/div><\/div><p class=\"vc_custom_heading wpb_animate_when_almost_visible wpb_fadeInUp fadeInUp vc_custom_1558505313959 animated wpb_start_animation\">Tutto il sistema viaggia sempre con te ed \u00e8 a portata di click scaricando le app.<\/p><\/div><\/div>\t\t\t\t\t\t\t\t<\/div>\n\t\t\t\t<\/div>\n\t\t\t\t<\/div>\n\t\t\t\t\t<\/div>\n\t\t\t\t<\/div>\n\t\t<div class=\"elementor-element elementor-element-1ab2a39 e-con-full e-flex e-con e-parent\" data-id=\"1ab2a39\" data-element_type=\"container\" data-e-type=\"container\" data-settings=\"{&quot;background_background&quot;:&quot;classic&quot;}\">\n\t\t<div class=\"elementor-element elementor-element-33ed148 e-grid e-con-full e-con e-child\" data-id=\"33ed148\" data-element_type=\"container\" data-e-type=\"container\">\n\t\t\t\t<div class=\"elementor-element elementor-element-71e3c43 elementor-widget elementor-widget-image\" data-id=\"71e3c43\" data-element_type=\"widget\" data-e-type=\"widget\" data-widget_type=\"image.default\">\n\t\t\t\t<div class=\"elementor-widget-container\">\n\t\t\t\t\t\t\t\t\t\t\t\t\t\t\t<img loading=\"lazy\" decoding=\"async\" width=\"800\" height=\"155\" src=\"https:\/\/hailmanagement-generali.it\/wp-content\/uploads\/2024\/05\/Generali_logo-b-1024x198.png\" class=\"attachment-large size-large wp-image-6269\" alt=\"\" srcset=\"https:\/\/hailmanagement-generali.it\/wp-content\/uploads\/2024\/05\/Generali_logo-b-1024x198.png 1024w, https:\/\/hailmanagement-generali.it\/wp-content\/uploads\/2024\/05\/Generali_logo-b-300x58.png 300w, https:\/\/hailmanagement-generali.it\/wp-content\/uploads\/2024\/05\/Generali_logo-b-768x149.png 768w, https:\/\/hailmanagement-generali.it\/wp-content\/uploads\/2024\/05\/Generali_logo-b-1536x297.png 1536w, https:\/\/hailmanagement-generali.it\/wp-content\/uploads\/2024\/05\/Generali_logo-b-2048x396.png 2048w\" sizes=\"(max-width: 800px) 100vw, 800px\" \/>\t\t\t\t\t\t\t\t\t\t\t\t\t\t\t<\/div>\n\t\t\t\t<\/div>\n\t\t\t\t<\/div>\n\t\t<div class=\"elementor-element elementor-element-abd8120 e-grid e-con-full e-con e-child\" data-id=\"abd8120\" data-element_type=\"container\" data-e-type=\"container\">\n\t\t\t\t<div class=\"elementor-element elementor-element-edec23f elementor-widget elementor-widget-text-editor\" data-id=\"edec23f\" data-element_type=\"widget\" data-e-type=\"widget\" data-widget_type=\"text-editor.default\">\n\t\t\t\t<div class=\"elementor-widget-container\">\n\t\t\t\t\t\t\t\t\t<p>Copyright \u00a9 2026 Generali Assicurazioni <br \/>Powered by Risposta42 srl <br \/>All rights reserved<\/p>\t\t\t\t\t\t\t\t<\/div>\n\t\t\t\t<\/div>\n\t\t\t\t<div class=\"elementor-element elementor-element-81131a3 elementor-widget elementor-widget-text-editor\" data-id=\"81131a3\" data-element_type=\"widget\" data-e-type=\"widget\" data-widget_type=\"text-editor.default\">\n\t\t\t\t<div class=\"elementor-widget-container\">\n\t\t\t\t\t\t\t\t\tPer richieste di supporto scrivere a <br><a href=\"mailto:supporto@hailmanagement-generali.it\">supporto@hailmanagement-generali.it<\/a>\t\t\t\t\t\t\t\t<\/div>\n\t\t\t\t<\/div>\n\t\t\t\t<div class=\"elementor-element elementor-element-09ebb42 elementor-widget elementor-widget-text-editor\" data-id=\"09ebb42\" data-element_type=\"widget\" data-e-type=\"widget\" data-widget_type=\"text-editor.default\">\n\t\t\t\t<div class=\"elementor-widget-container\">\n\t\t\t\t\t\t\t\t\t<p><a href=\"https:\/\/www.iubenda.com\/privacy-policy\/55196883\">Privacy Policy<\/a><\/p>\t\t\t\t\t\t\t\t<\/div>\n\t\t\t\t<\/div>\n\t\t\t\t<\/div>\n\t\t\t\t<\/div>\n\t\t\t\t<\/div>\n\t\t","protected":false},"excerpt":{"rendered":"<p>accedi come perito Un Assistente Virtuale Sempre Con Te Cattolica Assicurazioni \u00e8 la prima compagnia assicurativa in Italia a dotarsi di HailManagement: uno strumento digitale per supportare le attivit\u00e0 dei suoi periti avversit\u00e0 atmosferiche \u2013 rischi agricoli. CALCOLI HailManagement ti supporta nei calcoli del danno per tantissime colture. REPORT Il sistema ti prepara una scheda [&hellip;]<\/p>\n","protected":false},"author":1,"featured_media":0,"parent":0,"menu_order":0,"comment_status":"closed","ping_status":"closed","template":"","meta":{"footnotes":""},"class_list":["post-6277","page","type-page","status-publish","hentry"],"_links":{"self":[{"href":"https:\/\/hailmanagement-generali.it\/index.php?rest_route=\/wp\/v2\/pages\/6277","targetHints":{"allow":["GET"]}}],"collection":[{"href":"https:\/\/hailmanagement-generali.it\/index.php?rest_route=\/wp\/v2\/pages"}],"about":[{"href":"https:\/\/hailmanagement-generali.it\/index.php?rest_route=\/wp\/v2\/types\/page"}],"author":[{"embeddable":true,"href":"https:\/\/hailmanagement-generali.it\/index.php?rest_route=\/wp\/v2\/users\/1"}],"replies":[{"embeddable":true,"href":"https:\/\/hailmanagement-generali.it\/index.php?rest_route=%2Fwp%2Fv2%2Fcomments&post=6277"}],"version-history":[{"count":50,"href":"https:\/\/hailmanagement-generali.it\/index.php?rest_route=\/wp\/v2\/pages\/6277\/revisions"}],"predecessor-version":[{"id":6338,"href":"https:\/\/hailmanagement-generali.it\/index.php?rest_route=\/wp\/v2\/pages\/6277\/revisions\/6338"}],"wp:attachment":[{"href":"https:\/\/hailmanagement-generali.it\/index.php?rest_route=%2Fwp%2Fv2%2Fmedia&parent=6277"}],"curies":[{"name":"wp","href":"https:\/\/api.w.org\/{rel}","templated":true}]}}